{"id":93,"date":"2023-08-22T16:49:46","date_gmt":"2023-08-22T14:49:46","guid":{"rendered":"https:\/\/bshop.cubegrafik.com\/?post_type=product&#038;p=93"},"modified":"2023-08-23T09:28:44","modified_gmt":"2023-08-23T07:28:44","slug":"textfaehnli","status":"publish","type":"product","link":"https:\/\/www.bshop.cubegrafik.com\/?product=textfaehnli","title":{"rendered":"Textf\u00e4hnli"},"content":{"rendered":"<p>Es Textf\u00e4hnli mit \u00f6iem WunschText zum s\u00e4uber istecke u platziere.<\/p>\n","protected":false},"excerpt":{"rendered":"<p>Es Textf\u00e4hnli mit \u00f6iem WunschText zum s\u00e4uber istecke u platziere.<\/p>\n","protected":false},"featured_media":124,"template":"","meta":[],"product_cat":[24],"product_tag":[],"_links":{"self":[{"href":"https:\/\/www.bshop.cubegrafik.com\/index.php?rest_route=\/wp\/v2\/product\/93"}],"collection":[{"href":"https:\/\/www.bshop.cubegrafik.com\/index.php?rest_route=\/wp\/v2\/product"}],"about":[{"href":"https:\/\/www.bshop.cubegrafik.com\/index.php?rest_route=\/wp\/v2\/types\/product"}],"wp:featuredmedia":[{"embeddable":true,"href":"https:\/\/www.bshop.cubegrafik.com\/index.php?rest_route=\/wp\/v2\/media\/124"}],"wp:attachment":[{"href":"https:\/\/www.bshop.cubegrafik.com\/index.php?rest_route=%2Fwp%2Fv2%2Fmedia&parent=93"}],"wp:term":[{"taxonomy":"product_cat","embeddable":true,"href":"https:\/\/www.bshop.cubegrafik.com\/index.php?rest_route=%2Fwp%2Fv2%2Fproduct_cat&post=93"},{"taxonomy":"product_tag","embeddable":true,"href":"https:\/\/www.bshop.cubegrafik.com\/index.php?rest_route=%2Fwp%2Fv2%2Fproduct_tag&post=93"}],"curies":[{"name":"wp","href":"https:\/\/api.w.org\/{rel}","templated":true}]}}