{"id":11,"date":"2023-07-04T11:58:00","date_gmt":"2023-07-04T09:58:00","guid":{"rendered":"http:\/\/localhost\/?post_type=product&#038;p=11"},"modified":"2023-08-23T09:16:50","modified_gmt":"2023-08-23T07:16:50","slug":"zmorgepaeckli","status":"publish","type":"product","link":"https:\/\/www.bshop.cubegrafik.com\/?product=zmorgepaeckli","title":{"rendered":"Zmorgep\u00e4ckli"},"content":{"rendered":"<p>Im P\u00e4ckli si fr\u00fcschi Produkt f\u00fcr 2 Persone<\/p>\n<ul>\n<li>2 Zopftierli<\/li>\n<li>2 Vollkornbr\u00f6tli<\/li>\n<li>2 Gipfeli<\/li>\n<li>2 kleine Gl\u00e4ser hausgemachte Konfit\u00fcre (je eine Sorte)<\/li>\n<li>80 g K\u00e4se (Chappele Ch\u00e4si)<\/li>\n<li>100 g Rohschinken (Metzgerei Widmer)<\/li>\n<li>4 x 10 g Butter<\/li>\n<li>1 Orangensaft (2,5 dl)<\/li>\n<li>1 Multivitaminsaft (2,5 dl)<\/li>\n<li>2 Becher Bircherm\u00fcesli<\/li>\n<li>2 Saison Fr\u00fccht<\/li>\n<\/ul>\n<p>&nbsp;<\/p>\n","protected":false},"excerpt":{"rendered":"<p>Das perfekte Zmorgen<\/p>\n","protected":false},"featured_media":56,"template":"","meta":[],"product_cat":[19],"product_tag":[],"_links":{"self":[{"href":"https:\/\/www.bshop.cubegrafik.com\/index.php?rest_route=\/wp\/v2\/product\/11"}],"collection":[{"href":"https:\/\/www.bshop.cubegrafik.com\/index.php?rest_route=\/wp\/v2\/product"}],"about":[{"href":"https:\/\/www.bshop.cubegrafik.com\/index.php?rest_route=\/wp\/v2\/types\/product"}],"wp:featuredmedia":[{"embeddable":true,"href":"https:\/\/www.bshop.cubegrafik.com\/index.php?rest_route=\/wp\/v2\/media\/56"}],"wp:attachment":[{"href":"https:\/\/www.bshop.cubegrafik.com\/index.php?rest_route=%2Fwp%2Fv2%2Fmedia&parent=11"}],"wp:term":[{"taxonomy":"product_cat","embeddable":true,"href":"https:\/\/www.bshop.cubegrafik.com\/index.php?rest_route=%2Fwp%2Fv2%2Fproduct_cat&post=11"},{"taxonomy":"product_tag","embeddable":true,"href":"https:\/\/www.bshop.cubegrafik.com\/index.php?rest_route=%2Fwp%2Fv2%2Fproduct_tag&post=11"}],"curies":[{"name":"wp","href":"https:\/\/api.w.org\/{rel}","templated":true}]}}